{"id":6739,"date":"2023-12-18T22:33:48","date_gmt":"2023-12-18T21:33:48","guid":{"rendered":"https:\/\/www.mosquee-montigny78.fr\/?page_id=6739"},"modified":"2026-04-02T22:55:57","modified_gmt":"2026-04-02T20:55:57","slug":"radio-mosquee-montigny78","status":"publish","type":"page","link":"https:\/\/www.mosquee-montigny78.fr\/index.php\/radio-mosquee-montigny78\/","title":{"rendered":"Radio Mosqu\u00e9e Montigny78"},"content":{"rendered":"<div data-colibri-id=\"6739-c1\" class=\"style-1403 style-local-6739-c1 position-relative\">\n  <!---->\n  <div data-colibri-component=\"section\" data-colibri-id=\"6739-c2\" id=\"custom\" class=\"h-section h-section-global-spacing d-flex align-items-lg-center align-items-md-center align-items-center style-1404 style-local-6739-c2 position-relative\">\n    <!---->\n    <!---->\n    <div class=\"h-section-grid-container h-section-boxed-container\">\n      <!---->\n      <div data-colibri-id=\"6739-c3\" class=\"h-row-container gutters-row-lg-2 gutters-row-md-2 gutters-row-0 gutters-row-v-lg-2 gutters-row-v-md-2 gutters-row-v-2 style-1415 style-local-6739-c3 position-relative\">\n        <!---->\n        <div class=\"h-row justify-content-lg-center justify-content-md-center justify-content-center align-items-lg-stretch align-items-md-stretch align-items-stretch gutters-col-lg-2 gutters-col-md-2 gutters-col-0 gutters-col-v-lg-2 gutters-col-v-md-2 gutters-col-v-2\">\n          <!---->\n          <div class=\"h-column h-column-container d-flex h-col-lg-auto h-col-md-auto h-col-auto style-1416-outer style-local-6739-c4-outer\">\n            <div data-colibri-id=\"6739-c4\" class=\"d-flex h-flex-basis h-column__inner h-px-lg-2 h-px-md-2 h-px-2 v-inner-lg-2 v-inner-md-2 v-inner-2 style-1416 style-local-6739-c4 position-relative\">\n              <!---->\n              <!---->\n              <div class=\"w-100 h-y-container h-column__content h-column__v-align flex-basis-100 align-self-lg-start align-self-md-start align-self-start\">\n                <!---->\n                <div data-colibri-id=\"6739-c5\" class=\"style-1421 style-local-6739-c5 position-relative h-element\">\n                  <!---->\n                <\/div>\n                <div data-colibri-id=\"6739-c6\" class=\"h-text h-text-component style-1420 style-local-6739-c6 position-relative h-element\">\n                  <!---->\n                  <!---->\n                  <div class=\"\">\n                    <p><strong style=\"color: rgb(0, 0, 0); font-weight: 700;\">Vous \u00e9coutez Radio de la mosqu\u00e9e de Montigny-le-Bretonneux !<br><\/strong><\/p>\n                  <\/div>\n                <\/div>\n                <div data-colibri-id=\"6739-c7\" class=\"h-x-container style-1527 style-local-6739-c7 position-relative h-element\">\n                  <!---->\n                  <div class=\"h-x-container-inner style-dynamic-6739-c7-group style-1527-spacing style-local-6739-c7-spacing\"><span class=\"h-button__outer style-1414-outer style-local-6739-c8-outer d-inline-flex h-element\"><a h-use-smooth-scroll=\"true\" href=\"https:\/\/www.mosquee-montigny78.fr\/#custom\"  data-colibri-id=\"6739-c8\" class=\"d-flex w-100 align-items-center h-button justify-content-lg-center justify-content-md-center justify-content-center style-1414 style-local-6739-c8 position-relative\"><!----><!----> <span>JE FAIS UN DON POUR LA MOSQUEE<\/span><\/a>\n                    <\/span>\n                  <\/div>\n                <\/div>\n                <div data-colibri-id=\"6739-c9\" class=\"style-1418 style-local-6739-c9 position-relative h-element\">\n                  <!---->\n                  <div class=\"\"><iframe  src=\"https:\/\/player.radioking.io\/radio-ramadan-mosquee-montigny78\/?c=%231e7fcb&c2=%23ffffff&f=v&i=0&p=0&s=0&li=0&popup=0&plc=NaN&h=365&l=undefined&v=2\" style=\"border-radius: 5px; width: 275px; height: 365px; -webkit-box-shadow: 0px 0px 20px 0px rgba(0,0,0,0.3);-moz-box-shadow: 0px 0px 20px 0px rgba(0,0,0,0.3);box-shadow: 0px 0px 20px 0px rgba(0,0,0,0.3);\" frameBorder=\"0\" ><\/iframe><script type=\"text\/javascript\" src=\"https:\/\/player.radioking.io\/scripts\/iframe.bundle.js\"><\/script><\/div>\n                <\/div>\n              <\/div>\n            <\/div>\n          <\/div>\n        <\/div>\n      <\/div>\n      <div data-colibri-id=\"6739-c10\" class=\"h-row-container gutters-row-lg-2 gutters-row-md-2 gutters-row-0 gutters-row-v-lg-2 gutters-row-v-md-2 gutters-row-v-2 style-1411 style-local-6739-c10 position-relative\">\n        <!---->\n        <div class=\"h-row justify-content-lg-center justify-content-md-center justify-content-center align-items-lg-stretch align-items-md-stretch align-items-stretch gutters-col-lg-2 gutters-col-md-2 gutters-col-0 gutters-col-v-lg-2 gutters-col-v-md-2 gutters-col-v-2\">\n          <!---->\n          <div class=\"h-column h-column-container d-flex h-col-lg-auto h-col-md-auto h-col-auto style-1412-outer style-local-6739-c11-outer\">\n            <div data-colibri-id=\"6739-c11\" class=\"d-flex h-flex-basis h-column__inner h-px-lg-2 h-px-md-2 h-px-2 v-inner-lg-2 v-inner-md-2 v-inner-2 style-1412 style-local-6739-c11 position-relative\">\n              <!---->\n              <!---->\n              <div class=\"w-100 h-y-container h-column__content h-column__v-align flex-basis-100 align-self-lg-start align-self-md-start align-self-start\">\n                <!---->\n                <div data-colibri-id=\"6739-c12\" class=\"h-x-container style-1413 style-local-6739-c12 position-relative h-element\">\n                  <!---->\n                  <div class=\"h-x-container-inner style-dynamic-6739-c12-group style-1413-spacing style-local-6739-c12-spacing\"><span class=\"h-button__outer style-1414-outer style-local-6739-c13-outer d-inline-flex h-element\"><a h-use-smooth-scroll=\"true\" href=\"https:\/\/www.mosquee-montigny78.fr\/#custom\"  data-colibri-id=\"6739-c13\" class=\"d-flex w-100 align-items-center h-button justify-content-lg-center justify-content-md-center justify-content-center style-1414 style-local-6739-c13 position-relative\"><!----><!----> <span>Je fais un don pour la mosqu\u00e9e<\/span><\/a>\n                    <\/span>\n                  <\/div>\n                <\/div>\n              <\/div>\n            <\/div>\n          <\/div>\n        <\/div>\n      <\/div>\n    <\/div>\n  <\/div>\n<\/div>","protected":false},"excerpt":{"rendered":"<p>Vous \u00e9coutez Radio de la mosqu\u00e9e de Montigny-le-Bretonneux ! JE FAIS UN DON POUR LA MOSQUEE Je fais un don pour la mosqu\u00e9e<\/p>\n","protected":false},"author":1,"featured_media":0,"parent":0,"menu_order":0,"comment_status":"closed","ping_status":"closed","template":"page-templates\/full-width-page.php","meta":{"footnotes":""},"class_list":["post-6739","page","type-page","status-publish","hentry"],"_links":{"self":[{"href":"https:\/\/www.mosquee-montigny78.fr\/index.php\/wp-json\/wp\/v2\/pages\/6739","targetHints":{"allow":["GET"]}}],"collection":[{"href":"https:\/\/www.mosquee-montigny78.fr\/index.php\/wp-json\/wp\/v2\/pages"}],"about":[{"href":"https:\/\/www.mosquee-montigny78.fr\/index.php\/wp-json\/wp\/v2\/types\/page"}],"author":[{"embeddable":true,"href":"https:\/\/www.mosquee-montigny78.fr\/index.php\/wp-json\/wp\/v2\/users\/1"}],"replies":[{"embeddable":true,"href":"https:\/\/www.mosquee-montigny78.fr\/index.php\/wp-json\/wp\/v2\/comments?post=6739"}],"version-history":[{"count":20,"href":"https:\/\/www.mosquee-montigny78.fr\/index.php\/wp-json\/wp\/v2\/pages\/6739\/revisions"}],"predecessor-version":[{"id":8301,"href":"https:\/\/www.mosquee-montigny78.fr\/index.php\/wp-json\/wp\/v2\/pages\/6739\/revisions\/8301"}],"wp:attachment":[{"href":"https:\/\/www.mosquee-montigny78.fr\/index.php\/wp-json\/wp\/v2\/media?parent=6739"}],"curies":[{"name":"wp","href":"https:\/\/api.w.org\/{rel}","templated":true}]}}