{"id":6607,"date":"2023-12-10T19:21:00","date_gmt":"2023-12-10T18:21:00","guid":{"rendered":"https:\/\/www.mosquee-montigny78.fr\/?page_id=6607"},"modified":"2026-04-19T18:39:55","modified_gmt":"2026-04-19T16:39:55","slug":"reduction-fiscale-dons-aux-associations","status":"publish","type":"page","link":"https:\/\/www.mosquee-montigny78.fr\/index.php\/reduction-fiscale-dons-aux-associations\/","title":{"rendered":"R\u00e9duction fiscale &#8211; Dons aux associations"},"content":{"rendered":"<div data-colibri-id=\"6607-c1\" class=\"style-1387 style-local-6607-c1 position-relative\">\r\n  <!---->\r\n  <div data-colibri-component=\"section\" data-colibri-id=\"6607-c2\" id=\"custom\" class=\"h-section h-section-global-spacing d-flex align-items-lg-center align-items-md-center align-items-center style-1388 style-local-6607-c2 position-relative\">\r\n    <!---->\r\n    <!---->\r\n    <div class=\"h-section-grid-container h-section-boxed-container\">\r\n      <!---->\r\n      <div data-colibri-id=\"6607-c3\" class=\"h-row-container gutters-row-lg-2 gutters-row-md-2 gutters-row-0 gutters-row-v-lg-2 gutters-row-v-md-2 gutters-row-v-2 style-1389 style-local-6607-c3 position-relative\">\r\n        <!---->\r\n        <div class=\"h-row justify-content-lg-center justify-content-md-center justify-content-center align-items-lg-stretch align-items-md-stretch align-items-stretch gutters-col-lg-2 gutters-col-md-2 gutters-col-0 gutters-col-v-lg-2 gutters-col-v-md-2 gutters-col-v-2\">\r\n          <!---->\r\n          <div class=\"h-column h-column-container d-flex h-col-lg-auto h-col-md-auto h-col-auto style-1390-outer style-local-6607-c4-outer\">\r\n            <div data-colibri-id=\"6607-c4\" class=\"d-flex h-flex-basis h-column__inner h-px-lg-2 h-px-md-2 h-px-2 v-inner-lg-2 v-inner-md-2 v-inner-2 style-1390 style-local-6607-c4 position-relative\">\r\n              <!---->\r\n              <!---->\r\n              <div class=\"w-100 h-y-container h-column__content h-column__v-align flex-basis-100 align-self-lg-start align-self-md-start align-self-start\">\r\n                <!---->\r\n                <div data-colibri-id=\"6607-c5\" class=\"h-global-transition-all h-heading style-1391 style-local-6607-c5 position-relative h-element\">\r\n                  <!---->\r\n                  <div class=\"h-heading__outer style-1391 style-local-6607-c5\">\r\n                    <!---->\r\n                    <!---->\r\n                    <h4 class=\"\">DON AUX ASSOCIATIONS\r\n                      <br>R\u00c9DUCTION FISCALE<\/h4>\r\n                  <\/div>\r\n                <\/div>\r\n              <\/div>\r\n            <\/div>\r\n          <\/div>\r\n        <\/div>\r\n      <\/div>\r\n      <div data-colibri-id=\"6607-c6\" class=\"h-row-container gutters-row-lg-2 gutters-row-md-2 gutters-row-0 gutters-row-v-lg-2 gutters-row-v-md-2 gutters-row-v-2 style-1392 style-local-6607-c6 position-relative\">\r\n        <!---->\r\n        <div class=\"h-row justify-content-lg-center justify-content-md-center justify-content-center align-items-lg-stretch align-items-md-stretch align-items-stretch gutters-col-lg-2 gutters-col-md-2 gutters-col-0 gutters-col-v-lg-2 gutters-col-v-md-2 gutters-col-v-2\">\r\n          <!---->\r\n          <div class=\"h-column h-column-container d-flex h-col-lg-auto h-col-md-auto h-col-auto style-1393-outer style-local-6607-c7-outer\">\r\n            <div data-colibri-id=\"6607-c7\" class=\"d-flex h-flex-basis h-column__inner h-px-lg-2 h-px-md-2 h-px-2 v-inner-lg-2 v-inner-md-2 v-inner-2 style-1393 style-local-6607-c7 position-relative\">\r\n              <!---->\r\n              <!---->\r\n              <div class=\"w-100 h-y-container h-column__content h-column__v-align flex-basis-100 align-self-lg-start align-self-md-start align-self-start\">\r\n                <!---->\r\n                <div data-colibri-id=\"6607-c8\" class=\"h-text h-text-component style-1394 style-local-6607-c8 position-relative h-element\">\r\n                  <!---->\r\n                  <!---->\r\n                  <div class=\"\">\r\n                    <p zn_id=\"76\">Quand vous choisissez de faire un don \u00e0 une <strong style=\"font-weight: 700;\" zn_id=\"91\">association cultuelle loi 1905<\/strong> comme l&rsquo;<strong style=\"font-weight: 700;\" zn_id=\"92\">Association des Musulmans de Montigny-le-Bretonneux<\/strong>                      vous avez droit \u00e0 une <strong style=\"font-weight: 700;\" zn_id=\"93\">r\u00e9duction fiscale<\/strong>.<\/p>\r\n                    <p zn_id=\"77\">L&rsquo;Association des Musulmans de Montigny-le-Bretonneux, d\u00e9clar\u00e9e sous le num\u00e9ro <strong style=\"font-weight: 700;\" zn_id=\"89\">W784003793<\/strong>, d\u00e9livre un re\u00e7u fiscal pour chaque don.\r\n                      <br zn_id=\"90\">\r\n                    <\/p>\r\n                    <p zn_id=\"78\">Pour cela il suffit de remplir en ligne le formulaire suivant :&nbsp;\r\n                      <a href=\"https:\/\/www.mosquee-montigny78.fr\/index.php\/demande-de-recu-fiscal\" zn_id=\"88\" style=\"color: rgb(28, 83, 155); font-weight: 700;\">https:\/\/www.mosquee-montigny78.fr\/index.php\/demande-de-recu-fiscal\/<\/a>\r\n                    <\/p>\r\n                    <p zn_id=\"79\">\r\n                      <br zn_id=\"127\">\r\n                    <\/p>\r\n                    <p zn_id=\"80\"><strong style=\"font-weight: 700;\" zn_id=\"126\">POUR LES PARTICULIERS&nbsp;<\/strong>(ARTICLE 200 DU CGI)<\/p>\r\n                    <p zn_id=\"81\">Une r\u00e9duction d&rsquo;imp\u00f4t \u00e9gale \u00e0 66% du montant des sommes vers\u00e9es dans la limite de 20% de votre revenu imposable.<\/p>\r\n                    <p zn_id=\"82\">EXEMPLE (PARTICULIER) : Un don de 100\u20ac ne vous co\u00fbtera en r\u00e9alit\u00e9 que 34\u20ac !<\/p>\r\n                    <p zn_id=\"83\"><strong style=\"font-weight: 700;\" zn_id=\"125\">\ufeff<\/strong><\/p>\r\n                    <p zn_id=\"84\"><strong style=\"font-weight: 700;\" zn_id=\"123\">POUR LES ENTREPRISES&nbsp;<\/strong>(ARTICLE 238 BIS DU CGI)<\/p>\r\n                    <p zn_id=\"85\">La r\u00e9duction d&rsquo;imp\u00f4t \u00e9gale \u00e0 60% des sommes vers\u00e9es dans la limite de 20.000\u20ac ou 0,5% de votre chiffre d&rsquo;affaire annuel.<\/p>\r\n                    <p zn_id=\"86\">EXEMPLE (ENTREPRISE) : Pour un chiffre d&rsquo;affaire de 100.000\u20ac, un don de 1.000\u20ac ne vous co\u00fbtera en r\u00e9alit\u00e9 que 400\u20ac !<\/p>\r\n                    <p zn_id=\"87\">\r\n                      <br>\r\n                    <\/p>\r\n                  <\/div>\r\n                <\/div>\r\n              <\/div>\r\n            <\/div>\r\n          <\/div>\r\n        <\/div>\r\n      <\/div>\r\n      <div data-colibri-id=\"6607-c9\" class=\"h-row-container gutters-row-lg-2 gutters-row-md-2 gutters-row-0 gutters-row-v-lg-2 gutters-row-v-md-2 gutters-row-v-2 style-1395 style-local-6607-c9 position-relative\">\r\n        <!---->\r\n        <div class=\"h-row justify-content-lg-center justify-content-md-center justify-content-center align-items-lg-stretch align-items-md-stretch align-items-stretch gutters-col-lg-2 gutters-col-md-2 gutters-col-0 gutters-col-v-lg-2 gutters-col-v-md-2 gutters-col-v-2\">\r\n          <!---->\r\n          <div class=\"h-column h-column-container d-flex h-col-lg-auto h-col-md-auto h-col-auto style-1396-outer style-local-6607-c10-outer\">\r\n            <div data-colibri-id=\"6607-c10\" class=\"d-flex h-flex-basis h-column__inner h-px-lg-2 h-px-md-2 h-px-2 v-inner-lg-2 v-inner-md-2 v-inner-2 style-1396 style-local-6607-c10 position-relative\">\r\n              <!---->\r\n              <!---->\r\n              <div class=\"w-100 h-y-container h-column__content h-column__v-align flex-basis-100 align-self-lg-start align-self-md-start align-self-start\">\r\n                <!---->\r\n                <div data-colibri-id=\"6607-c11\" class=\"h-x-container style-1397 style-local-6607-c11 position-relative h-element\">\r\n                  <!---->\r\n                  <div class=\"h-x-container-inner style-dynamic-6607-c11-group style-1397-spacing style-local-6607-c11-spacing\"><span class=\"h-button__outer style-1398-outer style-local-6607-c12-outer d-inline-flex h-element\"><a h-use-smooth-scroll=\"true\" href=\"https:\/\/www.mosquee-montigny78.fr\/\"  data-colibri-id=\"6607-c12\" class=\"d-flex w-100 align-items-center h-button justify-content-lg-center justify-content-md-center justify-content-center style-1398 style-local-6607-c12 position-relative\"><!----><!----> <span>JE FAIS UN DON<\/span><\/a>\r\n                    <\/span>\r\n                  <\/div>\r\n                <\/div>\r\n              <\/div>\r\n            <\/div>\r\n          <\/div>\r\n        <\/div>\r\n      <\/div>\r\n    <\/div>\r\n  <\/div>\r\n<\/div>","protected":false},"excerpt":{"rendered":"<p>DON AUX ASSOCIATIONS R\u00c9DUCTION FISCALE Quand vous choisissez de faire un don \u00e0 une association cultuelle loi 1905 comme l&rsquo;Association des Musulmans de Montigny-le-Bretonneux vous avez droit \u00e0 une r\u00e9duction fiscale. L&rsquo;Association des Musulmans de Montigny-le-Bretonneux, d\u00e9clar\u00e9e sous le num\u00e9ro W784003793, d\u00e9livre un re\u00e7u fiscal pour chaque don. Pour cela il suffit de remplir en [&hellip;]<\/p>\n","protected":false},"author":1,"featured_media":0,"parent":0,"menu_order":0,"comment_status":"closed","ping_status":"closed","template":"page-templates\/full-width-page.php","meta":{"footnotes":""},"class_list":["post-6607","page","type-page","status-publish","hentry"],"_links":{"self":[{"href":"https:\/\/www.mosquee-montigny78.fr\/index.php\/wp-json\/wp\/v2\/pages\/6607","targetHints":{"allow":["GET"]}}],"collection":[{"href":"https:\/\/www.mosquee-montigny78.fr\/index.php\/wp-json\/wp\/v2\/pages"}],"about":[{"href":"https:\/\/www.mosquee-montigny78.fr\/index.php\/wp-json\/wp\/v2\/types\/page"}],"author":[{"embeddable":true,"href":"https:\/\/www.mosquee-montigny78.fr\/index.php\/wp-json\/wp\/v2\/users\/1"}],"replies":[{"embeddable":true,"href":"https:\/\/www.mosquee-montigny78.fr\/index.php\/wp-json\/wp\/v2\/comments?post=6607"}],"version-history":[{"count":4,"href":"https:\/\/www.mosquee-montigny78.fr\/index.php\/wp-json\/wp\/v2\/pages\/6607\/revisions"}],"predecessor-version":[{"id":6648,"href":"https:\/\/www.mosquee-montigny78.fr\/index.php\/wp-json\/wp\/v2\/pages\/6607\/revisions\/6648"}],"wp:attachment":[{"href":"https:\/\/www.mosquee-montigny78.fr\/index.php\/wp-json\/wp\/v2\/media?parent=6607"}],"curies":[{"name":"wp","href":"https:\/\/api.w.org\/{rel}","templated":true}]}}