{"id":2965,"date":"2021-01-24T14:19:12","date_gmt":"2021-01-24T13:19:12","guid":{"rendered":"https:\/\/www.mosquee-montigny78.fr\/index.php\/zakat-al-maal\/"},"modified":"2025-11-12T13:50:19","modified_gmt":"2025-11-12T12:50:19","slug":"zakat-al-maal","status":"publish","type":"page","link":"https:\/\/www.mosquee-montigny78.fr\/index.php\/zakat-al-maal\/","title":{"rendered":"Zakat Al Maal"},"content":{"rendered":"<div data-colibri-id=\"2965-c1\" class=\"style-777 style-local-2965-c1 position-relative\">\n  <!---->\n  <div data-colibri-component=\"section\" data-colibri-id=\"2965-c2\" id=\"custom\" class=\"h-section h-section-global-spacing d-flex align-items-lg-center align-items-md-center align-items-center style-778 style-local-2965-c2 position-relative\">\n    <!---->\n    <!---->\n    <div class=\"h-section-grid-container h-section-boxed-container\">\n      <!---->\n      <div data-colibri-id=\"2965-c3\" class=\"h-row-container gutters-row-lg-2 gutters-row-md-2 gutters-row-0 gutters-row-v-lg-2 gutters-row-v-md-2 gutters-row-v-2 style-787 style-local-2965-c3 position-relative\">\n        <!---->\n        <div class=\"h-row justify-content-lg-center justify-content-md-center justify-content-center align-items-lg-stretch align-items-md-stretch align-items-stretch gutters-col-lg-2 gutters-col-md-2 gutters-col-0 gutters-col-v-lg-2 gutters-col-v-md-2 gutters-col-v-2\">\n          <!---->\n          <div class=\"h-column h-column-container d-flex h-col-lg-auto h-col-md-auto h-col-auto style-788-outer style-local-2965-c4-outer\">\n            <div data-colibri-id=\"2965-c4\" class=\"d-flex h-flex-basis h-column__inner h-px-lg-2 h-px-md-2 h-px-2 v-inner-lg-2 v-inner-md-2 v-inner-2 style-788 style-local-2965-c4 position-relative\">\n              <!---->\n              <!---->\n              <div class=\"w-100 h-y-container h-column__content h-column__v-align flex-basis-100 align-self-lg-start align-self-md-start align-self-start\">\n                <!---->\n                <div data-colibri-id=\"2965-c5\" class=\"h-global-transition-all h-heading style-790 style-local-2965-c5 position-relative h-element\">\n                  <!---->\n                  <div class=\"h-heading__outer style-790 style-local-2965-c5\">\n                    <!---->\n                    <!---->\n                    <h4 class=\"\">Zakat Al Maal<\/h4>\n                  <\/div>\n                <\/div>\n              <\/div>\n            <\/div>\n          <\/div>\n        <\/div>\n      <\/div>\n      <div data-colibri-id=\"2965-c6\" class=\"h-row-container gutters-row-lg-2 gutters-row-md-2 gutters-row-0 gutters-row-v-lg-2 gutters-row-v-md-2 gutters-row-v-2 style-779 style-local-2965-c6 position-relative\">\n        <!---->\n        <div class=\"h-row justify-content-lg-center justify-content-md-center justify-content-center align-items-lg-stretch align-items-md-stretch align-items-stretch gutters-col-lg-2 gutters-col-md-2 gutters-col-0 gutters-col-v-lg-2 gutters-col-v-md-2 gutters-col-v-2\">\n          <!---->\n          <div class=\"h-column h-column-container d-flex h-col-lg-auto h-col-md-auto h-col-auto style-780-outer style-local-2965-c7-outer\">\n            <div data-colibri-id=\"2965-c7\" class=\"d-flex h-flex-basis h-column__inner h-px-lg-2 h-px-md-2 h-px-2 v-inner-lg-2 v-inner-md-2 v-inner-2 style-780 style-local-2965-c7 position-relative\">\n              <!---->\n              <!---->\n              <div class=\"w-100 h-y-container h-column__content h-column__v-align flex-basis-100 align-self-lg-start align-self-md-start align-self-start\">\n                <!---->\n                <div data-colibri-id=\"2965-c8\" class=\"h-text h-text-component style-781 style-local-2965-c8 position-relative h-element\">\n                  <!---->\n                  <!---->\n                  <div class=\"\">\n                    <p>Zakat Al Maal est l&rsquo;un des cinq piliers fondamentaux de l&rsquo;Islam.<\/p>\n                    <p>Il s\u2019agit d\u2019un devoir incombant \u00e0 tout musulman remplissant les conditions, qui devra par cons\u00e9quent en verser le montant \u00e0 ceux qui ont le droit d&rsquo;en b\u00e9n\u00e9ficier (en europe, les mosqu\u00e9es sont \u00e9ligibles \u00e0 collecter Zakat Al Mal).<\/p>\n                    <p>Le Saint Coran mentionne \u00e0 plusieurs reprises la Zakat \u00e0 travers ses versets parmi lesquels : \u00ab Ceux qui ont la foi, qui ont fait de bonnes \u0153uvres, qui ont accompli la Salat et se sont acquitt\u00e9s de la Zakat, auront certes leur r\u00e9compense\n                      aupr\u00e8s de leur Seigneur et ne seront point afflig\u00e9s. \u00bb(S.2, V.277).<\/p>\n                    <p>La Zakat fut prescrite \u00e0 des fins d&rsquo;une infinie sagesse, il s&rsquo;agit pour le croyant d&rsquo;avoir une vision diff\u00e9rente et particuli\u00e8re de ses biens, il doit en effet les consid\u00e9rer comme une \u00ab amana \u00bb, un d\u00e9p\u00f4t, que Dieu lui a confi\u00e9, il\n                      doit en observer strictement les droits et les utiliser dans les limites de ce qui satisfait Dieu Le Tr\u00e8s-Haut.<\/p>\n                    <p>Le Tout Puissant exhorte les croyants \u00e0 d\u00e9penser de leur argent dans le but de subvenir aux besoins des pauvres et des n\u00e9cessiteux : \u00ab Quiconque pr\u00eate \u00e0 Dieu un bon pr\u00eat, Il le lui rendra multipli\u00e9 maintes fois. Dieu restreint et \u00e9tend\n                      Ses faveurs, et c&rsquo;est vers Lui que vous retournerez. \u00bb (S.2, V.245).<\/p>\n                    <p>Cette aum\u00f4ne purificatrice est obligatoire \u00e0 deux conditions : atteindre le <strong style=\"font-weight: 700;\">nissab <\/strong>et observer l&rsquo;\u00e9coulement du <strong style=\"font-weight: 700;\">hawl <\/strong>(ann\u00e9e h\u00e9girienne).<\/p>\n                    <p>Concernant le <strong style=\"font-weight: 700;\">nissab<\/strong>, il s&rsquo;agit du montant minimal pr\u00e9cis fix\u00e9 par la l\u00e9gislation musulmane, \u00e0 partir duquel la Zakat devient obligatoire pour les croyants poss\u00e9dant ce montant. Cette somme\n                      est variable selon le type de biens.<\/p>\n                    <p>Quant \u00e0 l&rsquo;\u00e9coulement du <strong style=\"font-weight: 700;\">hawl<\/strong>, il n&rsquo;est autre que le passage complet de l&rsquo;ann\u00e9e h\u00e9girienne (compos\u00e9e de 12 mois lunaires) durant laquelle la valeur du bien ne doit pas avoir \u00e9t\u00e9 inf\u00e9rieure\n                      au seuil l\u00e9gal (nissab).<\/p>\n                    <p>Les sources musulmanes ont d\u00e9termin\u00e9 le nissab \u00e0 la valeur de 85 grammes d&rsquo;or, \u00e9quivalente \u00e0 <strong style=\"font-weight: 700;\">9758 euros<\/strong> en 2025.<\/p>\n                    <p>Nous implorons Dieu Le Tout Puissant d&rsquo;accepter nos bonnes \u0153uvres et de nous couvrir de sa Mis\u00e9ricorde. Le Tr\u00e8s Haut dit : \u00ab Et Ma Mis\u00e9ricorde a embrass\u00e9 toute chose. Je la prescrirai \u00e0 ceux qui me craignent, s&rsquo;acquittent de la Zakat\n                      et ont foi en Nos signes. \u00bb(S.7, V.156).<\/p>\n                    <p>Si vous souhaitez confier votre Zakat Al Maal \u00e0 la mosqu\u00e9e de Montigny-le-Bretonneux, vous pouvez utiliser le moyen de paiement qui vous conviendrait puis nous indiquer par mail \u00e0 quel projet vous souhaitez l&rsquo;affecter : au projet de\n                      construction de la mosqu\u00e9e de Montigny-le-Bretonneux ou \u00e0 l&rsquo;action sociale.<\/p>\n                  <\/div>\n                <\/div>\n              <\/div>\n            <\/div>\n          <\/div>\n        <\/div>\n      <\/div>\n      <div data-colibri-id=\"2965-c9\" class=\"h-row-container gutters-row-lg-2 gutters-row-md-2 gutters-row-0 gutters-row-v-lg-2 gutters-row-v-md-2 gutters-row-v-2 style-782 style-local-2965-c9 position-relative\">\n        <!---->\n        <div class=\"h-row justify-content-lg-center justify-content-md-center justify-content-center align-items-lg-stretch align-items-md-stretch align-items-stretch gutters-col-lg-2 gutters-col-md-2 gutters-col-0 gutters-col-v-lg-2 gutters-col-v-md-2 gutters-col-v-2\">\n          <!---->\n          <div class=\"h-column h-column-container d-flex h-col-lg-auto h-col-md-auto h-col-auto style-783-outer style-local-2965-c10-outer\">\n            <div data-colibri-id=\"2965-c10\" class=\"d-flex h-flex-basis h-column__inner h-px-lg-2 h-px-md-2 h-px-2 v-inner-lg-2 v-inner-md-2 v-inner-2 style-783 style-local-2965-c10 position-relative\">\n              <!---->\n              <!---->\n              <div class=\"w-100 h-y-container h-column__content h-column__v-align flex-basis-100 align-self-lg-start align-self-md-start align-self-start\">\n                <!---->\n                <div data-colibri-id=\"2965-c11\" class=\"h-x-container style-785 style-local-2965-c11 position-relative h-element\">\n                  <!---->\n                  <div class=\"h-x-container-inner style-dynamic-2965-c11-group style-785-spacing style-local-2965-c11-spacing\"><span class=\"h-button__outer style-786-outer style-local-2965-c12-outer d-inline-flex h-element\"><a h-use-smooth-scroll=\"true\" href=\"https:\/\/www.mosquee-montigny78.fr\/index.php\/faire-un-don\/\"  data-colibri-id=\"2965-c12\" class=\"d-flex w-100 align-items-center h-button justify-content-lg-center justify-content-md-center justify-content-center style-786 style-local-2965-c12 position-relative\"><!----><!----> <span>J&rsquo;acquitte ma Zakat Al Maal<\/span><\/a>\n                    <\/span>\n                  <\/div>\n                <\/div>\n              <\/div>\n            <\/div>\n          <\/div>\n        <\/div>\n      <\/div>\n    <\/div>\n  <\/div>\n<\/div>","protected":false},"excerpt":{"rendered":"<p>Zakat Al Maal Zakat Al Maal est l&rsquo;un des cinq piliers fondamentaux de l&rsquo;Islam. Il s\u2019agit d\u2019un devoir incombant \u00e0 tout musulman remplissant les conditions, qui devra par cons\u00e9quent en verser le montant \u00e0 ceux qui ont le droit d&rsquo;en b\u00e9n\u00e9ficier (en europe, les mosqu\u00e9es sont \u00e9ligibles \u00e0 collecter Zakat Al Mal). Le Saint Coran [&hellip;]<\/p>\n","protected":false},"author":1,"featured_media":0,"parent":0,"menu_order":0,"comment_status":"closed","ping_status":"closed","template":"page-templates\/full-width-page.php","meta":[],"_links":{"self":[{"href":"https:\/\/www.mosquee-montigny78.fr\/index.php\/wp-json\/wp\/v2\/pages\/2965"}],"collection":[{"href":"https:\/\/www.mosquee-montigny78.fr\/index.php\/wp-json\/wp\/v2\/pages"}],"about":[{"href":"https:\/\/www.mosquee-montigny78.fr\/index.php\/wp-json\/wp\/v2\/types\/page"}],"author":[{"embeddable":true,"href":"https:\/\/www.mosquee-montigny78.fr\/index.php\/wp-json\/wp\/v2\/users\/1"}],"replies":[{"embeddable":true,"href":"https:\/\/www.mosquee-montigny78.fr\/index.php\/wp-json\/wp\/v2\/comments?post=2965"}],"version-history":[{"count":3,"href":"https:\/\/www.mosquee-montigny78.fr\/index.php\/wp-json\/wp\/v2\/pages\/2965\/revisions"}],"predecessor-version":[{"id":8019,"href":"https:\/\/www.mosquee-montigny78.fr\/index.php\/wp-json\/wp\/v2\/pages\/2965\/revisions\/8019"}],"wp:attachment":[{"href":"https:\/\/www.mosquee-montigny78.fr\/index.php\/wp-json\/wp\/v2\/media?parent=2965"}],"curies":[{"name":"wp","href":"https:\/\/api.w.org\/{rel}","templated":true}]}}