{"id":2839,"date":"2021-01-24T09:35:11","date_gmt":"2021-01-24T08:35:11","guid":{"rendered":"https:\/\/www.mosquee-montigny78.fr\/index.php\/demande-de-recu-fiscal\/"},"modified":"2025-11-12T13:45:12","modified_gmt":"2025-11-12T12:45:12","slug":"demande-de-recu","status":"publish","type":"page","link":"https:\/\/www.mosquee-montigny78.fr\/index.php\/demande-de-recu\/","title":{"rendered":"Demande de re\u00e7u"},"content":{"rendered":"<div data-colibri-id=\"2839-c1\" class=\"style-765 style-local-2839-c1 position-relative\">\r\n  <!---->\r\n  <div data-colibri-component=\"section\" data-colibri-id=\"2839-c2\" id=\"blank-2\" class=\"h-section h-section-global-spacing d-flex align-items-lg-center align-items-md-center align-items-center style-1101 style-local-2839-c2 position-relative\">\r\n    <!---->\r\n    <!---->\r\n    <div class=\"h-section-grid-container h-section-boxed-container\">\r\n      <!---->\r\n      <div data-colibri-id=\"2839-c3\" class=\"h-row-container gutters-row-lg-2 gutters-row-md-2 gutters-row-0 gutters-row-v-lg-2 gutters-row-v-md-2 gutters-row-v-2 style-1102 style-local-2839-c3 position-relative\">\r\n        <!---->\r\n        <div class=\"h-row justify-content-lg-center justify-content-md-center justify-content-center align-items-lg-stretch align-items-md-stretch align-items-stretch gutters-col-lg-2 gutters-col-md-2 gutters-col-0 gutters-col-v-lg-2 gutters-col-v-md-2 gutters-col-v-2\">\r\n          <!---->\r\n          <div class=\"h-column h-column-container d-flex h-col-lg-auto h-col-md-auto h-col-auto style-1103-outer style-local-2839-c4-outer\">\r\n            <div data-colibri-id=\"2839-c4\" class=\"d-flex h-flex-basis h-column__inner h-ui-empty-state-container h-px-lg-2 h-px-md-2 h-px-2 v-inner-lg-2 v-inner-md-2 v-inner-2 style-1103 style-local-2839-c4 position-relative\">\r\n              <!---->\r\n              <!---->\r\n              <div class=\"w-100 h-y-container h-column__content h-column__v-align flex-basis-100\">\r\n                <!---->\r\n              <\/div>\r\n            <\/div>\r\n          <\/div>\r\n        <\/div>\r\n      <\/div>\r\n    <\/div>\r\n  <\/div>\r\n  <div data-colibri-component=\"section\" data-colibri-id=\"2839-c9\" id=\"custom\" class=\"h-section h-section-global-spacing d-flex align-items-lg-center align-items-md-center align-items-center style-766 style-local-2839-c9 position-relative\">\r\n    <!---->\r\n    <!---->\r\n    <div class=\"h-section-grid-container h-section-fluid-container\">\r\n      <!---->\r\n      <div data-colibri-id=\"2839-c10\" class=\"h-row-container gutters-row-lg-2 gutters-row-md-2 gutters-row-0 gutters-row-v-lg-2 gutters-row-v-md-2 gutters-row-v-2 style-771 style-local-2839-c10 position-relative\">\r\n        <!---->\r\n        <div class=\"h-row justify-content-lg-center justify-content-md-center justify-content-center align-items-lg-stretch align-items-md-stretch align-items-stretch gutters-col-lg-2 gutters-col-md-2 gutters-col-0 gutters-col-v-lg-2 gutters-col-v-md-2 gutters-col-v-2\">\r\n          <!---->\r\n          <div class=\"h-column h-column-container d-flex h-col-lg-auto h-col-md-auto h-col-auto style-772-outer style-local-2839-c11-outer\">\r\n            <div data-colibri-id=\"2839-c11\" class=\"d-flex h-flex-basis h-column__inner h-px-lg-2 h-px-md-2 h-px-2 v-inner-lg-2 v-inner-md-2 v-inner-2 style-772 style-local-2839-c11 position-relative\">\r\n              <!---->\r\n              <!---->\r\n              <div class=\"w-100 h-y-container h-column__content h-column__v-align flex-basis-100 align-self-lg-start align-self-md-start align-self-start\">\r\n                <!---->\r\n                <div data-colibri-id=\"2839-c12\" class=\"h-global-transition-all h-heading style-774 style-local-2839-c12 position-relative h-element\">\r\n                  <!---->\r\n                  <div class=\"h-heading__outer style-774 style-local-2839-c12\">\r\n                    <!---->\r\n                    <!---->\r\n                    <h2 class=\"\">Demandez votre re\u00e7u<\/h2>\r\n                  <\/div>\r\n                <\/div>\r\n              <\/div>\r\n            <\/div>\r\n          <\/div>\r\n        <\/div>\r\n      <\/div>\r\n      <div data-colibri-id=\"2839-c13\" class=\"h-row-container gutters-row-lg-2 gutters-row-md-2 gutters-row-0 gutters-row-v-lg-2 gutters-row-v-md-2 gutters-row-v-2 style-767 style-local-2839-c13 position-relative\">\r\n        <!---->\r\n        <div class=\"h-row justify-content-lg-center justify-content-md-center justify-content-center align-items-lg-stretch align-items-md-stretch align-items-stretch gutters-col-lg-2 gutters-col-md-2 gutters-col-0 gutters-col-v-lg-2 gutters-col-v-md-2 gutters-col-v-2\">\r\n          <!---->\r\n          <div class=\"h-column h-column-container d-flex h-col-lg-auto h-col-md-auto h-col-auto style-768-outer style-local-2839-c14-outer\">\r\n            <div data-colibri-id=\"2839-c14\" class=\"d-flex h-flex-basis h-column__inner h-px-lg-2 h-px-md-2 h-px-2 v-inner-lg-2 v-inner-md-2 v-inner-2 style-768 style-local-2839-c14 position-relative\">\r\n              <!---->\r\n              <!---->\r\n              <div class=\"w-100 h-y-container h-column__content h-column__v-align flex-basis-100 align-self-lg-start align-self-md-start align-self-start\">\r\n                <!---->\r\n                <div data-colibri-id=\"2839-c15\" class=\"h-contact-form__outer--forminator style-770 style-local-2839-c15 position-relative h-element\">\r\n                  <!---->\r\n                  <div class=\"h-global-transition-all h-global-transition h-global-transition-all h-contact-form-shortcode\"><div class=\"forminator-ui forminator-custom-form forminator-custom-form-2830 forminator-design--default  forminator_ajax\" data-forminator-render=\"0\" data-form=\"forminator-module-2830\"><br\/><\/div><form \n\t\t\t\tid=\"forminator-module-2830\"\n\t\t\t\t class=\"forminator-ui  forminator_ajax\"\n\t\t\t\tmethod=\"post\"\n\t\t\t\tdata-forminator-render=\"0\"\n\t\t\t\tdata-form-id=\"2830\"\n\t\t\t\t\n\t\t\t\tdata-design=\"default\"\n\t\t\t\t\n\t\t\t\t\n\t\t\t\t\n\t\t\t\tdata-grid=\"open\"\n\t\t\t\tenctype=\"multipart\/form-data\"\n\t\t\t\t\n\t\t\t\tstyle=\"display: none;\"\n\t\t\t><div class=\"forminator-response-message forminator-error\" aria-hidden=\"true\"><\/div><div class=\"forminator-row\"><div id=\"name-1\" class=\"forminator-col forminator-col-12 \"><div class=\"forminator-field\"><label for=\"forminator-field-name-1\" class=\"forminator-label\">Pr\u00e9nom <span class=\"forminator-required\">*<\/span><\/label><input type=\"text\" name=\"name-1\" value=\"\" placeholder=\"\" id=\"forminator-field-name-1\" class=\"forminator-input forminator-name--field\" aria-required=\"true\" \/><\/div><\/div><\/div><div class=\"forminator-row\"><div id=\"name-2\" class=\"forminator-col forminator-col-12 \"><div class=\"forminator-field\"><label for=\"forminator-field-name-2\" class=\"forminator-label\">Nom <span class=\"forminator-required\">*<\/span><\/label><input type=\"text\" name=\"name-2\" value=\"\" placeholder=\"\" id=\"forminator-field-name-2\" class=\"forminator-input forminator-name--field\" aria-required=\"true\" \/><\/div><\/div><\/div><div class=\"forminator-row\"><div id=\"name-3\" class=\"forminator-col forminator-col-12 \"><div class=\"forminator-field\"><label for=\"forminator-field-name-3\" class=\"forminator-label\">Raison sociale (pour les entreprises)<\/label><input type=\"text\" name=\"name-3\" value=\"\" placeholder=\"\" id=\"forminator-field-name-3\" class=\"forminator-input forminator-name--field\" aria-required=\"false\" \/><\/div><\/div><\/div><div class=\"forminator-row\"><div id=\"name-4\" class=\"forminator-col forminator-col-12 \"><div class=\"forminator-field\"><label for=\"forminator-field-name-4\" class=\"forminator-label\">N\u00b0 SIREN (pour les entreprises)<\/label><input type=\"text\" name=\"name-4\" value=\"\" placeholder=\"\" id=\"forminator-field-name-4\" class=\"forminator-input forminator-name--field\" aria-required=\"false\" \/><\/div><\/div><\/div><div class=\"forminator-row\"><div id=\"address-1\" class=\"forminator-col forminator-col-12 \"><div class=\"forminator-row\"><div class=\"forminator-col\"><div class=\"forminator-field\"><label for=\"forminator-field-street_address-address-1\" class=\"forminator-label\">Num\u00e9ro et rue <span class=\"forminator-required\">*<\/span><\/label><input type=\"text\" name=\"address-1-street_address\" placeholder=\"\" id=\"forminator-field-street_address-address-1\" class=\"forminator-input\" data-required=\"1\" aria-required=\"true\" value=\"\" \/><\/div><\/div><\/div><div class=\"forminator-row\" data-multiple=\"false\"><div class=\"forminator-col forminator-col-12\"><div class=\"forminator-field\"><label for=\"forminator-field-cityaddress-1\" class=\"forminator-label\">Ville <span class=\"forminator-required\">*<\/span><\/label><input type=\"text\" name=\"address-1-city\" placeholder=\"\" id=\"forminator-field-cityaddress-1\" class=\"forminator-input\" data-required=\"1\" aria-required=\"true\" value=\"\" \/><\/div><\/div><\/div><div class=\"forminator-row\" data-multiple=\"false\"><div class=\"forminator-col forminator-col-12\"><div class=\"forminator-field\"><label for=\"forminator-field-zip-address-1\" class=\"forminator-label\">Code postal <span class=\"forminator-required\">*<\/span><\/label><input type=\"text\" name=\"address-1-zip\" placeholder=\"\" id=\"forminator-field-zip-address-1\" class=\"forminator-input\" value=\"\" \/><\/div><\/div><\/div><\/div><\/div><div class=\"forminator-row\"><div id=\"select-1\" class=\"forminator-col forminator-col-12 \"><div class=\"forminator-field\"><label for=\"select-1-field-field\" class=\"forminator-label\">Ann\u00e9e des dons <span class=\"forminator-required\">*<\/span><\/label><select class=\"forminator-select--field forminator-select2\" id=\"select-1-field\" data-required=\"1\" name=\"select-1\" data-default-value=\"2024\" data-placeholder=\"Ann\u00e9e des dons\" data-search=\"false\"><option value=\"\">Ann\u00e9e des dons<\/option><option value=\"2024\" selected=\"selected\" data-calculation=\"0\">2024<\/option><option value=\"2025\"  data-calculation=\"0\">2025<\/option><\/select><\/div><\/div><\/div><div class=\"forminator-row\"><div id=\"select-2\" class=\"forminator-col forminator-col-12 \"><div class=\"forminator-field\"><label for=\"select-2-field-field\" class=\"forminator-label\">Moyen de paiement  n\u00b01 <span class=\"forminator-required\">*<\/span><\/label><select class=\"forminator-select--field forminator-select2\" id=\"select-2-field\" data-required=\"1\" name=\"select-2\" data-default-value=\"\" data-placeholder=\"S\u00e9lectionner un moyen de paiement \" data-search=\"false\"><option value=\"\">S\u00e9lectionner un moyen de paiement <\/option><option value=\"cb-paypal\"  data-calculation=\"0\">CB - PayPal<\/option><option value=\"cb-cotizup\"  data-calculation=\"0\">CB - CotizUp<\/option><option value=\"cb-helloasso\"  data-calculation=\"0\">CB - HelloAsso<\/option><option value=\"cb-lecteur-cb-la-mosque\"  data-calculation=\"0\">CB - Lecteur CB \u00e0 la mosqu\u00e9e<\/option><option value=\"virement-vers-le-compte-de-la-mosque\"  data-calculation=\"0\">Virement vers le compte de la mosqu\u00e9e<\/option><option value=\"prlvement-sur-votre-compte-bancaire\"  data-calculation=\"0\">Pr\u00e9l\u00e8vement sur votre compte bancaire<\/option><option value=\"chque\"  data-calculation=\"0\">Ch\u00e8que<\/option><option value=\"espce\"  data-calculation=\"0\">Esp\u00e8ce<\/option><\/select><\/div><\/div><\/div><div class=\"forminator-row\"><div id=\"number-1\" class=\"forminator-col forminator-col-12 \"><div class=\"forminator-field\"><label for=\"forminator-field-number-1\" class=\"forminator-label\">Total des dons effectu\u00e9s avec le moyen de paiement n\u00b01 <span class=\"forminator-required\">*<\/span><\/label><input type=\"number\" name=\"number-1\" value=\"\" placeholder=\"\" id=\"forminator-field-number-1\" class=\"forminator-input forminator-number--field\" pattern=\"^\\-?\\d*([\\.\\,]\\d+)?\" inputmode=\"decimal\" data-required=\"1\" aria-required=\"true\" min=\"1\" \/><\/div><\/div><\/div><div class=\"forminator-row\"><div id=\"select-3\" class=\"forminator-col forminator-col-12 \"><div class=\"forminator-field\"><label for=\"select-3-field-field\" class=\"forminator-label\">Moyen de paiement  n\u00b02<\/label><select class=\"forminator-select--field forminator-select2\" id=\"select-3-field\" data-required=\"\" name=\"select-3\" data-default-value=\"\" data-placeholder=\"S\u00e9lectionner un moyen de paiement \" data-search=\"false\"><option value=\"\">S\u00e9lectionner un moyen de paiement <\/option><option value=\"cb-paypal\"  data-calculation=\"0\">CB - PayPal<\/option><option value=\"cb-cotizup\"  data-calculation=\"0\">CB - CotizUp<\/option><option value=\"cb-helloasso\"  data-calculation=\"0\">CB - HelloAsso<\/option><option value=\"cb-lecteur-cb-la-mosque\"  data-calculation=\"0\">CB - Lecteur CB \u00e0 la mosqu\u00e9e<\/option><option value=\"virement-vers-le-compte-de-la-mosque\"  data-calculation=\"0\">Virement vers le compte de la mosqu\u00e9e<\/option><option value=\"prlvement-sur-votre-compte-bancaire\"  data-calculation=\"0\">Pr\u00e9l\u00e8vement sur votre compte bancaire<\/option><option value=\"chque\"  data-calculation=\"0\">Ch\u00e8que<\/option><option value=\"espce\"  data-calculation=\"0\">Esp\u00e8ce<\/option><\/select><\/div><\/div><\/div><div class=\"forminator-row\"><div id=\"number-4\" class=\"forminator-col forminator-col-12 \"><div class=\"forminator-field\"><label for=\"forminator-field-number-4\" class=\"forminator-label\">Total des dons effectu\u00e9s avec le moyen de paiement n\u00b02<\/label><input type=\"number\" name=\"number-4\" value=\"\" placeholder=\"\" id=\"forminator-field-number-4\" class=\"forminator-input forminator-number--field\" pattern=\"^\\-?\\d*([\\.\\,]\\d+)?\" inputmode=\"decimal\" data-required=\"\" aria-required=\"false\" min=\"1\" \/><\/div><\/div><\/div><div class=\"forminator-row\"><div id=\"select-4\" class=\"forminator-col forminator-col-12 \"><div class=\"forminator-field\"><label for=\"select-4-field-field\" class=\"forminator-label\">Moyen de paiement  n\u00b03<\/label><select class=\"forminator-select--field forminator-select2\" id=\"select-4-field\" data-required=\"\" name=\"select-4\" data-default-value=\"\" data-placeholder=\"S\u00e9lectionner un moyen de paiement \" data-search=\"false\"><option value=\"\">S\u00e9lectionner un moyen de paiement <\/option><option value=\"cb-paypal\"  data-calculation=\"0\">CB - PayPal<\/option><option value=\"cb-cotizup\"  data-calculation=\"0\">CB - CotizUp<\/option><option value=\"cb-helloasso\"  data-calculation=\"0\">CB - HelloAsso<\/option><option value=\"cb-lecteur-cb-la-mosque\"  data-calculation=\"0\">CB - Lecteur CB \u00e0 la mosqu\u00e9e<\/option><option value=\"virement-vers-le-compte-de-la-mosque\"  data-calculation=\"0\">Virement vers le compte de la mosqu\u00e9e<\/option><option value=\"prlvement-sur-votre-compte-bancaire\"  data-calculation=\"0\">Pr\u00e9l\u00e8vement sur votre compte bancaire<\/option><option value=\"chque\"  data-calculation=\"0\">Ch\u00e8que<\/option><option value=\"espce\"  data-calculation=\"0\">Esp\u00e8ce<\/option><\/select><\/div><\/div><\/div><div class=\"forminator-row\"><div id=\"number-3\" class=\"forminator-col forminator-col-12 \"><div class=\"forminator-field\"><label for=\"forminator-field-number-3\" class=\"forminator-label\">Total des dons effectu\u00e9s avec le moyen de paiement n\u00b03<\/label><input type=\"number\" name=\"number-3\" value=\"\" placeholder=\"\" id=\"forminator-field-number-3\" class=\"forminator-input forminator-number--field\" pattern=\"^\\-?\\d*([\\.\\,]\\d+)?\" inputmode=\"decimal\" data-required=\"\" aria-required=\"false\" min=\"1\" \/><\/div><\/div><\/div><div class=\"forminator-row\"><div id=\"number-2\" class=\"forminator-col forminator-col-12 \"><div class=\"forminator-field\"><label for=\"forminator-field-number-2\" class=\"forminator-label\">Cumul de vos dons sur l&#039;ann\u00e9e (merci de bien v\u00e9rifier le montant) <span class=\"forminator-required\">*<\/span><\/label><input type=\"number\" name=\"number-2\" value=\"\" placeholder=\"\" id=\"forminator-field-number-2\" class=\"forminator-input forminator-number--field\" pattern=\"^\\-?\\d*([\\.\\,]\\d+)?\" inputmode=\"decimal\" data-required=\"1\" aria-required=\"true\" min=\"1\" \/><\/div><\/div><\/div><div class=\"forminator-row\"><div id=\"upload-1\" class=\"forminator-col forminator-col-12 \"><div class=\"forminator-field\"><label for=\"forminator-field-upload-1\" class=\"forminator-label\">Justificatifs des dons pour faciliter les v\u00e9rifications (capture d&#039;\u00e9cran du relev\u00e9, re\u00e7u CB, ...)<\/label><div class=\"forminator-multi-upload \" data-element=\"upload-1\"><input type=\"file\" name=\"upload-1[]\" id=\"forminator-field-upload-1\" class=\"forminator-input-file forminator-field-upload-1-2830\" multiple=\"multiple\" data-method=\"ajax\" accept=\".heic,.png,.bmp,.tiff,.tif,.pdf,.doc,.jpg,.jpeg,.jpe\" data-limit=\"10\" data-limit-message=\"Vous pouvez t\u00e9l\u00e9verser un maximum de 10 fichiers.\" data-size=\"12000000\" data-size-message=\"La taille de fichier maximale autoris\u00e9e est de 12 MB.\" data-filetype=\"heic|png|bmp|tiff|tif|pdf|doc|jpg|jpeg|jpe\" data-filetype-message=\"l\u2019extension de fichier n\u2019est pas autoris\u00e9e.\"><div class=\"forminator-multi-upload-message\" aria-hidden=\"true\"><span class=\"forminator-icon-upload\" aria-hidden=\"true\"><\/span><p>Glissez et d\u00e9posez (ou) <a class=\"forminator-upload-file--forminator-field-upload-1\" href=\"javascript:void(0)\">Choisissez des fichiers<\/a><\/p><\/div><\/div><ul class=\"forminator-uploaded-files upload-container-upload-1\"><\/ul><\/div><\/div><\/div><div class=\"forminator-row\"><div id=\"email-1\" class=\"forminator-col forminator-col-12 \"><div class=\"forminator-field\"><label for=\"forminator-field-email-1\" class=\"forminator-label\">Adresse de messagerie <span class=\"forminator-required\">*<\/span><\/label><input type=\"email\" name=\"email-1\" value=\"\" placeholder=\"\" id=\"forminator-field-email-1\" class=\"forminator-input forminator-email--field\" data-required=\"true\" aria-required=\"true\" \/><\/div><\/div><\/div><div class=\"forminator-row\"><div id=\"phone-1\" class=\"forminator-col forminator-col-12 \"><div class=\"forminator-field\"><label for=\"forminator-field-phone-1\" class=\"forminator-label\">Num\u00e9ro de t\u00e9l\u00e9phone<\/label><input type=\"text\" name=\"phone-1\" value=\"\" placeholder=\"\" id=\"forminator-field-phone-1\" class=\"forminator-input forminator-field--phone\" data-required=\"\" aria-required=\"false\" autocomplete=\"off\" \/><\/div><\/div><\/div><div class=\"forminator-row\"><div id=\"textarea-1\" class=\"forminator-col forminator-col-12 \"><div class=\"forminator-field\"><label for=\"forminator-field-textarea-1\" class=\"forminator-label\">Message<\/label><textarea name=\"textarea-1\" placeholder=\"Saisissez votre message : date de votre don, informations compl\u00e9mentaires, ...\" id=\"forminator-field-textarea-1\" class=\"forminator-textarea\" rows=\"6\" style=\"min-height:140px;\" maxlength=\"500\" ><\/textarea><span class=\"forminator-description\"><span data-limit=\"500\" data-type=\"characters\">0 \/ 500<\/span><\/span><\/div><\/div><\/div><div class=\"forminator-row\"><div id=\"captcha-1\" class=\"forminator-col forminator-col-12 \"><div class=\"forminator-g-recaptcha recaptcha-invisible\" data-theme=\"light\" data-sitekey=\"6LdvK-4aAAAAAF1lcu1NSIlGZRhbPYWaGl4Hxo21\" data-size=\"invisible\"><\/div><\/div><\/div><input type=\"hidden\" name=\"referer_url\" value=\"\" \/><div class=\"forminator-row forminator-row-last\"><div class=\"forminator-col\"><div class=\"forminator-field\"><button class=\"forminator-button forminator-button-submit\">Validez votre demande<\/button><\/div><\/div><\/div><input type=\"hidden\" id=\"forminator_nonce\" name=\"forminator_nonce\" value=\"fd2fad4e42\" \/><input type=\"hidden\" name=\"_wp_http_referer\" value=\"\/index.php\/wp-json\/wp\/v2\/pages\/2839\" \/><input type=\"hidden\" name=\"form_id\" value=\"2830\"><input type=\"hidden\" name=\"page_id\" value=\"2839\"><input type=\"hidden\" name=\"form_type\" value=\"default\"><input type=\"hidden\" name=\"current_url\" value=\"https:\/\/www.mosquee-montigny78.fr\/wp-json\/wp\/v2\/pages\/2839\/\"><input type=\"hidden\" name=\"render_id\" value=\"0\"><input type=\"hidden\" name=\"forminator-multifile-hidden\" class=\"forminator-multifile-hidden\"><input type=\"hidden\" name=\"action\" value=\"forminator_submit_form_custom-forms\"><\/form><\/div>\r\n                <\/div>\r\n              <\/div>\r\n            <\/div>\r\n          <\/div>\r\n        <\/div>\r\n      <\/div>\r\n    <\/div>\r\n  <\/div>\r\n<\/div>","protected":false},"excerpt":{"rendered":"<p>Demandez votre re\u00e7u<\/p>\n","protected":false},"author":1,"featured_media":0,"parent":0,"menu_order":0,"comment_status":"closed","ping_status":"closed","template":"page-templates\/full-width-page.php","meta":[],"_links":{"self":[{"href":"https:\/\/www.mosquee-montigny78.fr\/index.php\/wp-json\/wp\/v2\/pages\/2839"}],"collection":[{"href":"https:\/\/www.mosquee-montigny78.fr\/index.php\/wp-json\/wp\/v2\/pages"}],"about":[{"href":"https:\/\/www.mosquee-montigny78.fr\/index.php\/wp-json\/wp\/v2\/types\/page"}],"author":[{"embeddable":true,"href":"https:\/\/www.mosquee-montigny78.fr\/index.php\/wp-json\/wp\/v2\/users\/1"}],"replies":[{"embeddable":true,"href":"https:\/\/www.mosquee-montigny78.fr\/index.php\/wp-json\/wp\/v2\/comments?post=2839"}],"version-history":[{"count":13,"href":"https:\/\/www.mosquee-montigny78.fr\/index.php\/wp-json\/wp\/v2\/pages\/2839\/revisions"}],"predecessor-version":[{"id":8015,"href":"https:\/\/www.mosquee-montigny78.fr\/index.php\/wp-json\/wp\/v2\/pages\/2839\/revisions\/8015"}],"wp:attachment":[{"href":"https:\/\/www.mosquee-montigny78.fr\/index.php\/wp-json\/wp\/v2\/media?parent=2839"}],"curies":[{"name":"wp","href":"https:\/\/api.w.org\/{rel}","templated":true}]}}